{"id":163,"date":"2019-11-14T10:03:40","date_gmt":"2019-11-14T10:03:40","guid":{"rendered":"http:\/\/shtheme.com\/demosd\/transpixwp\/?page_id=163"},"modified":"2023-06-13T15:26:35","modified_gmt":"2023-06-13T15:26:35","slug":"services-2","status":"publish","type":"page","link":"https:\/\/www.marinalogistics.com.pe\/en\/services-2\/","title":{"rendered":"SERVICES"},"content":{"rendered":"<div data-elementor-type=\"wp-post\" data-elementor-id=\"163\" class=\"elementor elementor-163\">\n\t\t\t\t\t\t\t\t\t<section class=\"elementor-section elementor-top-section elementor-element elementor-element-7e48a5d elementor-section-full_width elementor-section-height-default elementor-section-height-default\" data-id=\"7e48a5d\" data-element_type=\"section\">\n\t\t\t\t\t\t<div class=\"elementor-container elementor-column-gap-default\">\n\t\t\t\t\t<div class=\"elementor-column elementor-col-100 elementor-top-column elementor-element elementor-element-042f8a5\" data-id=\"042f8a5\" data-element_type=\"column\">\n\t\t\t<div class=\"elementor-widget-wrap elementor-element-populated\">\n\t\t\t\t\t\t\t\t<div class=\"elementor-element elementor-element-6c32082 elementor-align-left elementor-widget elementor-widget-bdevs-banner\" data-id=\"6c32082\" data-element_type=\"widget\" data-widget_type=\"bdevs-banner.default\">\n\t\t\t\t<div class=\"elementor-widget-container\">\n\t\t\t\t<div class=\"breadcrumb-area about-breadcrumb-bg\" style=\"background-image: url(https:\/\/www.marinalogistics.com.pe\/wp-content\/uploads\/2019\/12\/breadcrumb_bg-1.jpg);\">\n         <div class=\"container\">\n            <div class=\"row\">\n               <div class=\"col-lg-7\">\n                  <div class=\"breadcrumb-txt\">\n                  \t                     <span>Servicios<\/span>\n                                                             <h1>Brindamos los mejores servicios logisticos<\/h1>\n                                                             <nav aria-label=\"breadcrumb\">\n                        <ol class=\"breadcrumb\">\n                           <li class=\"breadcrumb-item\"><a href=\"https:\/\/www.marinalogistics.com.pe\/en\/\"><\/a><\/li>\n                           <li class=\"breadcrumb-item active\" aria-current=\"page\"><\/li>\n                        <\/ol>\n                     <\/nav>\n                                      <\/div>\n               <\/div>\n            <\/div>\n         <\/div>\n         <div class=\"breadcrumb-overlay\"><\/div>\n    <\/div>\n\t\t\t<\/div>\n\t\t\t\t<\/div>\n\t\t\t\t<div class=\"elementor-element elementor-element-a392896 elementor-widget elementor-widget-heading\" data-id=\"a392896\" data-element_type=\"widget\" data-widget_type=\"heading.default\">\n\t\t\t\t<div class=\"elementor-widget-container\">\n\t\t\t<style>\/*! elementor - v3.14.0 - 26-06-2023 *\/\n.elementor-heading-title{padding:0;margin:0;line-height:1}.elementor-widget-heading .elementor-heading-title[class*=elementor-size-]>a{color:inherit;font-size:inherit;line-height:inherit}.elementor-widget-heading .elementor-heading-title.elementor-size-small{font-size:15px}.elementor-widget-heading .elementor-heading-title.elementor-size-medium{font-size:19px}.elementor-widget-heading .elementor-heading-title.elementor-size-large{font-size:29px}.elementor-widget-heading .elementor-heading-title.elementor-size-xl{font-size:39px}.elementor-widget-heading .elementor-heading-title.elementor-size-xxl{font-size:59px}<\/style><h4 class=\"elementor-heading-title elementor-size-default\">NUESTROS SERVICIOS<\/h4>\t\t<\/div>\n\t\t\t\t<\/div>\n\t\t\t\t<section class=\"elementor-section elementor-inner-section elementor-element elementor-element-45b86f2 elementor-section-content-middle elementor-section-boxed elementor-section-height-default elementor-section-height-default\" data-id=\"45b86f2\" data-element_type=\"section\">\n\t\t\t\t\t\t<div class=\"elementor-container elementor-column-gap-no\">\n\t\t\t\t\t<div class=\"elementor-column elementor-col-33 elementor-inner-column elementor-element elementor-element-9a1c6b5\" data-id=\"9a1c6b5\" data-element_type=\"column\">\n\t\t\t<div class=\"elementor-widget-wrap elementor-element-populated\">\n\t\t\t\t\t\t\t\t<div class=\"elementor-element elementor-element-cd9cd62 elementor-position-top elementor-vertical-align-top elementor-widget elementor-widget-image-box\" data-id=\"cd9cd62\" data-element_type=\"widget\" data-widget_type=\"image-box.default\">\n\t\t\t\t<div class=\"elementor-widget-container\">\n\t\t\t<style>\/*! elementor - v3.14.0 - 26-06-2023 *\/\n.elementor-widget-image-box .elementor-image-box-content{width:100%}@media (min-width:768px){.elementor-widget-image-box.elementor-position-left .elementor-image-box-wrapper,.elementor-widget-image-box.elementor-position-right .elementor-image-box-wrapper{display:flex}.elementor-widget-image-box.elementor-position-right .elementor-image-box-wrapper{text-align:right;flex-direction:row-reverse}.elementor-widget-image-box.elementor-position-left .elementor-image-box-wrapper{text-align:left;flex-direction:row}.elementor-widget-image-box.elementor-position-top .elementor-image-box-img{margin:auto}.elementor-widget-image-box.elementor-vertical-align-top .elementor-image-box-wrapper{align-items:flex-start}.elementor-widget-image-box.elementor-vertical-align-middle .elementor-image-box-wrapper{align-items:center}.elementor-widget-image-box.elementor-vertical-align-bottom .elementor-image-box-wrapper{align-items:flex-end}}@media (max-width:767px){.elementor-widget-image-box .elementor-image-box-img{margin-left:auto!important;margin-right:auto!important;margin-bottom:15px}}.elementor-widget-image-box .elementor-image-box-img{display:inline-block}.elementor-widget-image-box .elementor-image-box-title a{color:inherit}.elementor-widget-image-box .elementor-image-box-wrapper{text-align:center}.elementor-widget-image-box .elementor-image-box-description{margin:0}<\/style><div class=\"elementor-image-box-wrapper\"><figure class=\"elementor-image-box-img\"><img loading=\"lazy\" decoding=\"async\" width=\"280\" height=\"300\" src=\"https:\/\/www.marinalogistics.com.pe\/wp-content\/uploads\/2023\/05\/Worldwide-Service-1-280x300.png\" class=\"elementor-animation-grow attachment-medium size-medium wp-image-1204\" alt=\"\" srcset=\"https:\/\/www.marinalogistics.com.pe\/wp-content\/uploads\/2023\/05\/Worldwide-Service-1-280x300.png 280w, https:\/\/www.marinalogistics.com.pe\/wp-content\/uploads\/2023\/05\/Worldwide-Service-1.png 600w\" sizes=\"auto, (max-width: 280px) 100vw, 280px\" \/><\/figure><div class=\"elementor-image-box-content\"><h3 class=\"elementor-image-box-title\">CARGA INTERNACIONAL<\/h3><p class=\"elementor-image-box-description\">Gestionamos y controlamos el transporte internacional de cualquier tama\u00f1o en todo el mundo.<\/p><\/div><\/div>\t\t<\/div>\n\t\t\t\t<\/div>\n\t\t\t\t<div class=\"elementor-element elementor-element-88d23bb elementor-align-center elementor-widget elementor-widget-button\" data-id=\"88d23bb\" data-element_type=\"widget\" data-widget_type=\"button.default\">\n\t\t\t\t<div class=\"elementor-widget-container\">\n\t\t\t\t\t<div class=\"elementor-button-wrapper\">\n\t\t\t<a class=\"elementor-button elementor-button-link elementor-size-sm\" href=\"http:\/\/www.marinalogistics.com.pe\/en\/carga-internacional-2\/\" target=\"_blank\">\n\t\t\t\t\t\t<span class=\"elementor-button-content-wrapper\">\n\t\t\t\t\t\t<span class=\"elementor-button-text\">Ver mas<\/span>\n\t\t<\/span>\n\t\t\t\t\t<\/a>\n\t\t<\/div>\n\t\t\t\t<\/div>\n\t\t\t\t<\/div>\n\t\t\t\t\t<\/div>\n\t\t<\/div>\n\t\t\t\t<div class=\"elementor-column elementor-col-33 elementor-inner-column elementor-element elementor-element-ca2d1f1\" data-id=\"ca2d1f1\" data-element_type=\"column\">\n\t\t\t<div class=\"elementor-widget-wrap elementor-element-populated\">\n\t\t\t\t\t\t\t\t<div class=\"elementor-element elementor-element-722ea06 elementor-position-top elementor-vertical-align-top elementor-widget elementor-widget-image-box\" data-id=\"722ea06\" data-element_type=\"widget\" data-widget_type=\"image-box.default\">\n\t\t\t\t<div class=\"elementor-widget-container\">\n\t\t\t<div class=\"elementor-image-box-wrapper\"><figure class=\"elementor-image-box-img\"><img loading=\"lazy\" decoding=\"async\" width=\"600\" height=\"599\" src=\"https:\/\/www.marinalogistics.com.pe\/wp-content\/uploads\/2023\/05\/Service-1.png\" class=\"elementor-animation-grow attachment-full size-full wp-image-941\" alt=\"\" srcset=\"https:\/\/www.marinalogistics.com.pe\/wp-content\/uploads\/2023\/05\/Service-1.png 600w, https:\/\/www.marinalogistics.com.pe\/wp-content\/uploads\/2023\/05\/Service-1-300x300.png 300w, https:\/\/www.marinalogistics.com.pe\/wp-content\/uploads\/2023\/05\/Service-1-150x150.png 150w\" sizes=\"auto, (max-width: 600px) 100vw, 600px\" \/><\/figure><div class=\"elementor-image-box-content\"><h3 class=\"elementor-image-box-title\">TRANSPORTE DE CARGA<\/h3><p class=\"elementor-image-box-description\">Brindamos soluciones de transporte y distribuci\u00f3n de carga en Lima y todo el Per\u00fa<\/p><\/div><\/div>\t\t<\/div>\n\t\t\t\t<\/div>\n\t\t\t\t<div class=\"elementor-element elementor-element-8a0c9a6 elementor-align-center elementor-widget elementor-widget-button\" data-id=\"8a0c9a6\" data-element_type=\"widget\" data-widget_type=\"button.default\">\n\t\t\t\t<div class=\"elementor-widget-container\">\n\t\t\t\t\t<div class=\"elementor-button-wrapper\">\n\t\t\t<a class=\"elementor-button elementor-button-link elementor-size-sm\" href=\"http:\/\/www.marinalogistics.com.pe\/en\/transporte-de-carga\/\">\n\t\t\t\t\t\t<span class=\"elementor-button-content-wrapper\">\n\t\t\t\t\t\t<span class=\"elementor-button-text\">Ver mas<\/span>\n\t\t<\/span>\n\t\t\t\t\t<\/a>\n\t\t<\/div>\n\t\t\t\t<\/div>\n\t\t\t\t<\/div>\n\t\t\t\t\t<\/div>\n\t\t<\/div>\n\t\t\t\t<div class=\"elementor-column elementor-col-33 elementor-inner-column elementor-element elementor-element-c3b9c47\" data-id=\"c3b9c47\" data-element_type=\"column\">\n\t\t\t<div class=\"elementor-widget-wrap elementor-element-populated\">\n\t\t\t\t\t\t\t\t<div class=\"elementor-element elementor-element-feb1476 elementor-position-top elementor-vertical-align-top elementor-widget elementor-widget-image-box\" data-id=\"feb1476\" data-element_type=\"widget\" data-widget_type=\"image-box.default\">\n\t\t\t\t<div class=\"elementor-widget-container\">\n\t\t\t<div class=\"elementor-image-box-wrapper\"><figure class=\"elementor-image-box-img\"><img loading=\"lazy\" decoding=\"async\" width=\"600\" height=\"599\" src=\"https:\/\/www.marinalogistics.com.pe\/wp-content\/uploads\/2023\/05\/Service-7.png\" class=\"elementor-animation-grow attachment-full size-full wp-image-943\" alt=\"\" srcset=\"https:\/\/www.marinalogistics.com.pe\/wp-content\/uploads\/2023\/05\/Service-7.png 600w, https:\/\/www.marinalogistics.com.pe\/wp-content\/uploads\/2023\/05\/Service-7-300x300.png 300w, https:\/\/www.marinalogistics.com.pe\/wp-content\/uploads\/2023\/05\/Service-7-150x150.png 150w\" sizes=\"auto, (max-width: 600px) 100vw, 600px\" \/><\/figure><div class=\"elementor-image-box-content\"><h3 class=\"elementor-image-box-title\">AGENCIA DE ADUANAS<\/h3><p class=\"elementor-image-box-description\">Contamos con personal calificado, con experiencia y especializado en la operatividad aduanera<\/p><\/div><\/div>\t\t<\/div>\n\t\t\t\t<\/div>\n\t\t\t\t<div class=\"elementor-element elementor-element-2a15222 elementor-align-center elementor-widget elementor-widget-button\" data-id=\"2a15222\" data-element_type=\"widget\" data-widget_type=\"button.default\">\n\t\t\t\t<div class=\"elementor-widget-container\">\n\t\t\t\t\t<div class=\"elementor-button-wrapper\">\n\t\t\t<a class=\"elementor-button elementor-button-link elementor-size-sm\" href=\"http:\/\/www.marinalogistics.com.pe\/en\/agencia-de-aduanas\/\">\n\t\t\t\t\t\t<span class=\"elementor-button-content-wrapper\">\n\t\t\t\t\t\t<span class=\"elementor-button-text\">Ver mas<\/span>\n\t\t<\/span>\n\t\t\t\t\t<\/a>\n\t\t<\/div>\n\t\t\t\t<\/div>\n\t\t\t\t<\/div>\n\t\t\t\t\t<\/div>\n\t\t<\/div>\n\t\t\t\t\t\t\t<\/div>\n\t\t<\/section>\n\t\t\t\t\t<\/div>\n\t\t<\/div>\n\t\t\t\t\t\t\t<\/div>\n\t\t<\/section>\n\t\t\t\t<section class=\"elementor-section elementor-top-section elementor-element elementor-element-b62af85 elementor-section-full_width elementor-section-height-default elementor-section-height-default\" data-id=\"b62af85\" data-element_type=\"section\">\n\t\t\t\t\t\t<div class=\"elementor-container elementor-column-gap-default\">\n\t\t\t\t\t<div class=\"elementor-column elementor-col-100 elementor-top-column elementor-element elementor-element-15589d9\" data-id=\"15589d9\" data-element_type=\"column\">\n\t\t\t<div class=\"elementor-widget-wrap elementor-element-populated\">\n\t\t\t\t\t\t\t\t<div class=\"elementor-element elementor-element-6d70930 elementor-align-left elementor-widget elementor-widget-bdevs-features\" data-id=\"6d70930\" data-element_type=\"widget\" data-widget_type=\"bdevs-features.default\">\n\t\t\t\t<div class=\"elementor-widget-container\">\n\t\t\t\t\t\t      <div class=\"features-section home-2 border-bottom\">\r\n\t         <div class=\"container\">\r\n\t            <div class=\"row feature-content\">\r\n\t               <div class=\"col-xl-5 offset-xl-7 col-lg-6 offset-lg-6 pr-0\">\r\n\t                  <div class=\"features\">\r\n\t                    \t                    <span class=\"title\">CARACTERISTICAS<\/span>\r\n\t                 \t\t                    \t                     <h2 class=\"subtitle\">POR QU\u00c9 ELEGIRNOS<\/h2>\r\n\t                    \t                    <div class=\"feature-lists\">\r\n\t                     \t\t                        <div class=\"single-feature wow fadeInUp\" data-wow-duration=\"1s\" data-wow-delay=\"0s\">\r\n\t                           <div class=\"icon-wrapper\">\r\n\t                           \t\t                           \t\t<i class=\"flaticon-customer-service\"><\/i>\r\n\t                           \t\t                           <\/div>\r\n\t                           <div class=\"feature-details\">\r\n\t                           \t\t                              <h4>SOPORTE 24\/7<\/h4>\r\n\t                            \t                            \t                              <p>Trabajamos en forma permanente los siete d\u00edas a la semana para brindarles las mejores alternativas y soluciones en el tiempo oportuno. <\/p>\r\n\t                            \t                           <\/div>\r\n\t                        <\/div>\r\n\t                        \t                        <div class=\"single-feature wow fadeInUp\" data-wow-duration=\"1s\" data-wow-delay=\".2s\">\r\n\t                           <div class=\"icon-wrapper\">\r\n\t                           \t\t                           \t\t<i class=\"flaticon-email\"><\/i>\r\n\t                           \t\t                           <\/div>\r\n\t                           <div class=\"feature-details\">\r\n\t                           \t\t                              <h4>ENTREGA A TIEMPO<\/h4>\r\n\t                            \t                            \t                              <p>Nuestro  tiempo de entrega es un factor esencial quetenemos presente para honrar al cliente y potenciar su fidelizaci\u00f3n. <\/p>\r\n\t                            \t                           <\/div>\r\n\t                        <\/div>\r\n\t                        \t                        <div class=\"single-feature wow fadeInUp\" data-wow-duration=\"1s\" data-wow-delay=\".4s\">\r\n\t                           <div class=\"icon-wrapper\">\r\n\t                           \t\t                           \t\t<i class=\"flaticon-worldwide\"><\/i>\r\n\t                           \t\t                           <\/div>\r\n\t                           <div class=\"feature-details\">\r\n\t                           \t\t                              <h4>SERVICIO GLOBAL<\/h4>\r\n\t                            \t                            \t                              <p>Ofrecemos servicios de gesti\u00f3n log\u00edstica y cadena de suministro hacia y desde cualquier parte del mundo <\/p>\r\n\t                            \t                           <\/div>\r\n\t                        <\/div>\r\n\t                        \t                    <\/div>\r\n\t                  <\/div>\r\n\t               <\/div>\r\n\t            <\/div>\r\n\t         <\/div>\r\n\t      <\/div>\r\n\t      \t\t\t<\/div>\n\t\t\t\t<\/div>\n\t\t\t\t\t<\/div>\n\t\t<\/div>\n\t\t\t\t\t\t\t<\/div>\n\t\t<\/section>\n\t\t\t\t<section class=\"elementor-section elementor-top-section elementor-element elementor-element-d5ffaa0 elementor-section-full_width elementor-section-height-default elementor-section-height-default\" data-id=\"d5ffaa0\" data-element_type=\"section\" data-settings=\"{&quot;background_background&quot;:&quot;classic&quot;}\">\n\t\t\t\t\t\t\t<div class=\"elementor-background-overlay\"><\/div>\n\t\t\t\t\t\t\t<div class=\"elementor-container elementor-column-gap-default\">\n\t\t\t\t\t<div class=\"elementor-column elementor-col-100 elementor-top-column elementor-element elementor-element-c8684dc\" data-id=\"c8684dc\" data-element_type=\"column\">\n\t\t\t<div class=\"elementor-widget-wrap elementor-element-populated\">\n\t\t\t\t\t\t\t\t<div class=\"elementor-element elementor-element-6acd3cd elementor-align-left elementor-widget elementor-widget-bdevs-shortcode\" data-id=\"6acd3cd\" data-element_type=\"widget\" data-widget_type=\"bdevs-shortcode.default\">\n\t\t\t\t<div class=\"elementor-widget-container\">\n\t\t\t\t\t\t\t<div class=\"quote-section quote-bg\" style=\"background-image: url();\">\r\n\t         <div class=\"container\">\r\n\t            <div class=\"row\">\r\n\t               <div class=\"offset-lg-5 col-lg-7\">\r\n\t                  <div class=\"quote-form-section\">\r\n\t                  \t\t                     <span class=\"title\">CONTACTENOS<\/span>\r\n\t                    \t                    \t                     <h2 class=\"subtitle\">SOLICITE UNA COTIZACI\u00d3N<\/h2>\r\n\t                    \t                     \n<div class=\"wpcf7 no-js\" id=\"wpcf7-f1017-o1\" lang=\"en-US\" dir=\"ltr\" data-wpcf7-id=\"1017\">\n<div class=\"screen-reader-response\"><p role=\"status\" aria-live=\"polite\" aria-atomic=\"true\"><\/p> <ul><\/ul><\/div>\n<form action=\"\/wp-json\/wp\/v2\/pages\/163\" method=\"post\" class=\"wpcf7-form init\" aria-label=\"Contact form\" novalidate=\"novalidate\" data-status=\"init\" data-trp-original-action=\"\/en\/wp-json\/wp\/v2\/pages\/163#wpcf7-f1017-o1\">\n<div style=\"display: none;\">\n<input type=\"hidden\" name=\"_wpcf7\" value=\"1017\" \/>\n<input type=\"hidden\" name=\"_wpcf7_version\" value=\"6.0.1\" \/>\n<input type=\"hidden\" name=\"_wpcf7_locale\" value=\"en_US\" \/>\n<input type=\"hidden\" name=\"_wpcf7_unit_tag\" value=\"wpcf7-f1017-o1\" \/>\n<input type=\"hidden\" name=\"_wpcf7_container_post\" value=\"0\" \/>\n<input type=\"hidden\" name=\"_wpcf7_posted_data_hash\" value=\"\" \/>\n<\/div>\n<div>\n\t<div class=\"row\">\n\t\t<div class=\"col-lg-6\">\n\t\t\t<div class=\"form-element\">\n\t\t\t\t<p><span class=\"wpcf7-form-control-wrap\" data-name=\"names\"><input size=\"40\" maxlength=\"400\" class=\"wpcf7-form-control wpcf7-text wpcf7-validates-as-required\" aria-required=\"true\" aria-invalid=\"false\" placeholder=\"Your name\" value=\"\" type=\"text\" name=\"names\" \/><\/span>\n\t\t\t\t<\/p>\n\t\t\t<\/div>\n\t\t<\/div>\n\t\t<div class=\"col-lg-6\">\n\t\t\t<div class=\"form-element\">\n\t\t\t\t<div class=\"select-wrapper\">\n\t\t\t\t\t<p><span class=\"wpcf7-form-control-wrap\" data-name=\"freight\"><select class=\"wpcf7-form-control wpcf7-select wpcf7-validates-as-required\" aria-required=\"true\" aria-invalid=\"false\" name=\"freight\"><option value=\"Select a Freight\">Select a Freight<\/option><option value=\"Air Freight\">Air Freight<\/option><option value=\"Ocean Freight\">Ocean Freight<\/option><option value=\"Road Freight\">Road Freight<\/option><\/select><\/span>\n\t\t\t\t\t<\/p>\n\t\t\t\t<\/div>\n\t\t\t<\/div>\n\t\t<\/div>\n\t\t<div class=\"col-lg-6\">\n\t\t\t<div class=\"form-element\">\n\t\t\t\t<p><span class=\"wpcf7-form-control-wrap\" data-name=\"email\"><input size=\"40\" maxlength=\"400\" class=\"wpcf7-form-control wpcf7-email wpcf7-validates-as-required wpcf7-text wpcf7-validates-as-email\" aria-required=\"true\" aria-invalid=\"false\" placeholder=\"Email\" value=\"\" type=\"email\" name=\"email\" \/><\/span>\n\t\t\t\t<\/p>\n\t\t\t<\/div>\n\t\t<\/div>\n\t\t<div class=\"col-lg-6\">\n\t\t\t<div class=\"form-element\">\n\t\t\t\t<p><span class=\"wpcf7-form-control-wrap\" data-name=\"phone\"><input size=\"40\" maxlength=\"400\" class=\"wpcf7-form-control wpcf7-text wpcf7-validates-as-required\" aria-required=\"true\" aria-invalid=\"false\" placeholder=\"Phone\" value=\"\" type=\"text\" name=\"phone\" \/><\/span>\n\t\t\t\t<\/p>\n\t\t\t<\/div>\n\t\t<\/div>\n\t\t<div class=\"col-lg-12\">\n\t\t\t<div class=\"form-element mb-0\">\n\t\t\t\t<p><input class=\"wpcf7-form-control wpcf7-submit has-spinner\" type=\"submit\" value=\"Submit\" \/>\n\t\t\t\t<\/p>\n\t\t\t<\/div>\n\t\t<\/div>\n\t<\/div>\n<\/div><p style=\"display: none !important;\" class=\"akismet-fields-container\" data-prefix=\"_wpcf7_ak_\"><label>&#916;<textarea name=\"_wpcf7_ak_hp_textarea\" cols=\"45\" rows=\"8\" maxlength=\"100\"><\/textarea><\/label><input type=\"hidden\" id=\"ak_js_1\" name=\"_wpcf7_ak_js\" value=\"83\"\/><script>document.getElementById( \"ak_js_1\" ).setAttribute( \"value\", ( new Date() ).getTime() );<\/script><\/p><div class=\"wpcf7-response-output\" aria-hidden=\"true\"><\/div>\n<input type=\"hidden\" name=\"trp-form-language\" value=\"en\"\/><\/form>\n<\/div>\n\t                  <\/div>\r\n\t               <\/div>\r\n\t            <\/div>\r\n\t         <\/div>\r\n\t    <\/div>\r\n\t    \t\t\t<\/div>\n\t\t\t\t<\/div>\n\t\t\t\t\t<\/div>\n\t\t<\/div>\n\t\t\t\t\t\t\t<\/div>\n\t\t<\/section>\n\t\t\t\t<section class=\"elementor-section elementor-top-section elementor-element elementor-element-c7b0464 elementor-section-full_width elementor-section-height-default elementor-section-height-default\" data-id=\"c7b0464\" data-element_type=\"section\">\n\t\t\t\t\t\t<div class=\"elementor-container elementor-column-gap-default\">\n\t\t\t\t\t<div class=\"elementor-column elementor-col-100 elementor-top-column elementor-element elementor-element-bebd60e\" data-id=\"bebd60e\" data-element_type=\"column\">\n\t\t\t<div class=\"elementor-widget-wrap elementor-element-populated\">\n\t\t\t\t\t\t\t\t<div class=\"elementor-element elementor-element-fe3f9ac elementor-align-left elementor-widget elementor-widget-bdevs-cta\" data-id=\"fe3f9ac\" data-element_type=\"widget\" data-widget_type=\"bdevs-cta.default\">\n\t\t\t\t<div class=\"elementor-widget-container\">\n\t\t\t\t\t\t\t<div class=\"cta-section cta-bg\" style=\"background-image: url(https:\/\/www.marinalogistics.com.pe\/wp-content\/uploads\/2019\/11\/cta_bg.jpg);\">\r\n\t        <div class=\"container\">\r\n\t            <div class=\"cta-container\">\r\n\t               <div class=\"row align-items-center\">\r\n\t                  <div class=\"col-lg-9\">\r\n\t                  \t\t                     <h2 class=\"mb-lg-0 text-center text-lg-left\">LLEGUE A SU DESTINO 100% SEGURO\n<\/h2>\r\n\t                    \t                  <\/div>\r\n\t                  <div class=\"col-lg-3 text-center text-lg-right\">\r\n\t                  \t\t                     <a href=\"http:\/\/www.marinalogistics.com.pe\/en\/contact\/\" class=\"boxed-btn\"><span>Contactenos<\/span><\/a>\r\n\t                    \t                  <\/div>\r\n\t               <\/div>\r\n\t            <\/div>\r\n\t        <\/div>\r\n\t        <div class=\"cta-overlay\"><\/div>\r\n\t    <\/div>\r\n\t    \t\t\t<\/div>\n\t\t\t\t<\/div>\n\t\t\t\t\t<\/div>\n\t\t<\/div>\n\t\t\t\t\t\t\t<\/div>\n\t\t<\/section>\n\t\t\t\t\t\t\t<\/div>","protected":false},"excerpt":{"rendered":"<p>Servicios Brindamos los mejores servicios logisticos NUESTROS SERVICIOS CARGA INTERNACIONALGestionamos y controlamos el transporte internacional de cualquier tama\u00f1o en todo el mundo. Ver mas TRANSPORTE DE CARGABrindamos soluciones de transporte y distribuci\u00f3n de carga en Lima y todo el Per\u00fa Ver mas AGENCIA DE ADUANASContamos con personal calificado, con experiencia y especializado en la operatividad [&hellip;]<\/p>","protected":false},"author":1,"featured_media":0,"parent":0,"menu_order":0,"comment_status":"closed","ping_status":"closed","template":"page-templates\/home-1.php","meta":{"footnotes":""},"class_list":["post-163","page","type-page","status-publish","hentry"],"_links":{"self":[{"href":"https:\/\/www.marinalogistics.com.pe\/en\/wp-json\/wp\/v2\/pages\/163","targetHints":{"allow":["GET"]}}],"collection":[{"href":"https:\/\/www.marinalogistics.com.pe\/en\/wp-json\/wp\/v2\/pages"}],"about":[{"href":"https:\/\/www.marinalogistics.com.pe\/en\/wp-json\/wp\/v2\/types\/page"}],"author":[{"embeddable":true,"href":"https:\/\/www.marinalogistics.com.pe\/en\/wp-json\/wp\/v2\/users\/1"}],"replies":[{"embeddable":true,"href":"https:\/\/www.marinalogistics.com.pe\/en\/wp-json\/wp\/v2\/comments?post=163"}],"version-history":[{"count":85,"href":"https:\/\/www.marinalogistics.com.pe\/en\/wp-json\/wp\/v2\/pages\/163\/revisions"}],"predecessor-version":[{"id":1733,"href":"https:\/\/www.marinalogistics.com.pe\/en\/wp-json\/wp\/v2\/pages\/163\/revisions\/1733"}],"wp:attachment":[{"href":"https:\/\/www.marinalogistics.com.pe\/en\/wp-json\/wp\/v2\/media?parent=163"}],"curies":[{"name":"wp","href":"https:\/\/api.w.org\/{rel}","templated":true}]}}